{"id":538,"date":"2020-12-14T11:57:41","date_gmt":"2020-12-14T10:57:41","guid":{"rendered":"https:\/\/www.taunusnetz.de\/?page_id=538"},"modified":"2022-11-24T18:14:58","modified_gmt":"2022-11-24T17:14:58","slug":"ueber-taunusnetz","status":"publish","type":"page","link":"https:\/\/www.taunusnetz.de\/fr\/ueber-taunusnetz\/","title":{"rendered":"\u00c0 propos de TaunusNetz"},"content":{"rendered":"<h1>En savoir plus sur TaunusNetz<\/h1>\n<p><img decoding=\"async\" class=\"size-full wp-image-720 aligncenter lazyload\" data-src=\"https:\/\/www.taunusnetz.de\/wp-content\/uploads\/2022\/08\/Matthias_Bozek_TaunusNetz.png\" alt=\"Matthias Bozek\" width=\"600\" height=\"600\" data-srcset=\"https:\/\/www.taunusnetz.de\/wp-content\/uploads\/2022\/08\/Matthias_Bozek_TaunusNetz.png 600w, https:\/\/www.taunusnetz.de\/wp-content\/uploads\/2022\/08\/Matthias_Bozek_TaunusNetz-300x300.png 300w, https:\/\/www.taunusnetz.de\/wp-content\/uploads\/2022\/08\/Matthias_Bozek_TaunusNetz-150x150.png 150w\" data-sizes=\"(max-width: 600px) 100vw, 600px\" src=\"data:image\/svg+xml;base64,PHN2ZyB3aWR0aD0iMSIgaGVpZ2h0PSIxIiB4bWxucz0iaHR0cDovL3d3dy53My5vcmcvMjAwMC9zdmciPjwvc3ZnPg==\" style=\"--smush-placeholder-width: 600px; --smush-placeholder-aspect-ratio: 600\/600;\" \/><\/p>\n<h1><\/h1>\n<p>Je dirige l&rsquo;agence TaunusNetz depuis plus de 16 ans.<\/p>\n<p style=\"text-align: left;\">Je mets \u00e0 profit mes nombreuses ann\u00e9es d&rsquo;exp\u00e9rience professionnelle dans les domaines informatique et commercial pour vous offrir un service de premier ordre. Les certificats et la formation continue me confirment dans mes actions.<\/p>\n<p style=\"text-align: left;\">N&rsquo;h\u00e9sitez pas \u00e0 faire appel \u00e0 mes services pour vos futurs projets ! Vous recevrez alors une offre parfaitement adapt\u00e9e \u00e0 vos besoins.<\/p>\n<p style=\"text-align: left;\"><strong>Matthias Bozek<\/strong><\/p>\n","protected":false},"excerpt":{"rendered":"<p>En savoir plus sur TaunusNetz Je dirige l&rsquo;agence TaunusNetz depuis plus de 16 ans. Je mets \u00e0 profit mes nombreuses ann\u00e9es d&rsquo;exp\u00e9rience professionnelle dans les domaines informatique et commercial pour vous offrir un service de premier ordre. Les certificats et la formation continue me confirment dans mes actions. N&rsquo;h\u00e9sitez pas \u00e0 faire appel \u00e0 mes&hellip;&nbsp;<a href=\"https:\/\/www.taunusnetz.de\/fr\/ueber-taunusnetz\/\" rel=\"bookmark\">Lire la suite &raquo;<span class=\"screen-reader-text\">\u00c0 propos de TaunusNetz<\/span><\/a><\/p>\n","protected":false},"author":1,"featured_media":15,"parent":0,"menu_order":7,"comment_status":"closed","ping_status":"closed","template":"","meta":{"neve_meta_sidebar":"","neve_meta_container":"","neve_meta_enable_content_width":"","neve_meta_content_width":0,"neve_meta_title_alignment":"","neve_meta_author_avatar":"","neve_post_elements_order":"","neve_meta_disable_header":"","neve_meta_disable_footer":"","neve_meta_disable_title":"","_themeisle_gutenberg_block_has_review":false,"_locale":"fr_FR","_original_post":"http:\/\/staging.taunusnetz.de\/ueber-taunusnetz\/","footnotes":""},"class_list":["post-538","page","type-page","status-publish","has-post-thumbnail","hentry","fr-FR"],"_links":{"self":[{"href":"https:\/\/www.taunusnetz.de\/wp-json\/wp\/v2\/pages\/538","targetHints":{"allow":["GET"]}}],"collection":[{"href":"https:\/\/www.taunusnetz.de\/wp-json\/wp\/v2\/pages"}],"about":[{"href":"https:\/\/www.taunusnetz.de\/wp-json\/wp\/v2\/types\/page"}],"author":[{"embeddable":true,"href":"https:\/\/www.taunusnetz.de\/wp-json\/wp\/v2\/users\/1"}],"replies":[{"embeddable":true,"href":"https:\/\/www.taunusnetz.de\/wp-json\/wp\/v2\/comments?post=538"}],"version-history":[{"count":4,"href":"https:\/\/www.taunusnetz.de\/wp-json\/wp\/v2\/pages\/538\/revisions"}],"predecessor-version":[{"id":746,"href":"https:\/\/www.taunusnetz.de\/wp-json\/wp\/v2\/pages\/538\/revisions\/746"}],"wp:featuredmedia":[{"embeddable":true,"href":"https:\/\/www.taunusnetz.de\/wp-json\/wp\/v2\/media\/15"}],"wp:attachment":[{"href":"https:\/\/www.taunusnetz.de\/wp-json\/wp\/v2\/media?parent=538"}],"curies":[{"name":"wp","href":"https:\/\/api.w.org\/{rel}","templated":true}]}}